{"id":424,"date":"2020-04-22T12:22:36","date_gmt":"2020-04-22T12:22:36","guid":{"rendered":"https:\/\/denisseag.com\/tienda\/?page_id=424"},"modified":"2023-09-07T18:58:31","modified_gmt":"2023-09-07T18:58:31","slug":"colecciones","status":"publish","type":"page","link":"https:\/\/denisseag.com\/tienda\/colecciones\/","title":{"rendered":"Colecciones"},"content":{"rendered":"\t\t<div data-elementor-type=\"wp-page\" data-elementor-id=\"424\" class=\"elementor elementor-424\" data-elementor-post-type=\"page\">\n\t\t\t\t\t\t<section class=\"elementor-section elementor-top-section elementor-element elementor-element-cff46e6 elementor-section-boxed elementor-section-height-default elementor-section-height-default\" data-id=\"cff46e6\" data-element_type=\"section\">\n\t\t\t\t\t\t<div class=\"elementor-container elementor-column-gap-default\">\n\t\t\t\t\t<div class=\"elementor-column elementor-col-50 elementor-top-column elementor-element elementor-element-2ad1f03\" data-id=\"2ad1f03\" data-element_type=\"column\">\n\t\t\t<div class=\"elementor-widget-wrap elementor-element-populated\">\n\t\t\t\t\t\t<div class=\"elementor-element elementor-element-0157d7c elementor-widget elementor-widget-image\" data-id=\"0157d7c\" data-element_type=\"widget\" data-widget_type=\"image.default\">\n\t\t\t\t<div class=\"elementor-widget-container\">\n\t\t\t\t\t\t\t\t\t\t\t\t\t<img fetchpriority=\"high\" decoding=\"async\" width=\"722\" height=\"400\" src=\"https:\/\/denisseag.com\/tienda\/wp-content\/uploads\/2020\/04\/logo-denisse-ag-checkout.png\" class=\"attachment-large size-large wp-image-273\" alt=\"\" srcset=\"https:\/\/denisseag.com\/tienda\/wp-content\/uploads\/2020\/04\/logo-denisse-ag-checkout.png 722w, https:\/\/denisseag.com\/tienda\/wp-content\/uploads\/2020\/04\/logo-denisse-ag-checkout-600x332.png 600w, https:\/\/denisseag.com\/tienda\/wp-content\/uploads\/2020\/04\/logo-denisse-ag-checkout-300x166.png 300w\" sizes=\"(max-width: 722px) 100vw, 722px\" \/>\t\t\t\t\t\t\t\t\t\t\t\t\t<\/div>\n\t\t\t\t<\/div>\n\t\t\t\t\t<\/div>\n\t\t<\/div>\n\t\t\t\t<div class=\"elementor-column elementor-col-50 elementor-top-column elementor-element elementor-element-f456b7b\" data-id=\"f456b7b\" data-element_type=\"column\">\n\t\t\t<div class=\"elementor-widget-wrap elementor-element-populated\">\n\t\t\t\t\t\t<div class=\"elementor-element elementor-element-f5c2000 elementor-widget elementor-widget-text-editor\" data-id=\"f5c2000\" data-element_type=\"widget\" data-widget_type=\"text-editor.default\">\n\t\t\t\t<div class=\"elementor-widget-container\">\n\t\t\t\t\t\t\t<p>Conoce nuestras colecciones de pasteles.<\/p>\t\t\t\t\t\t<\/div>\n\t\t\t\t<\/div>\n\t\t\t\t\t<\/div>\n\t\t<\/div>\n\t\t\t\t\t<\/div>\n\t\t<\/section>\n\t\t\t\t<section class=\"elementor-section elementor-top-section elementor-element elementor-element-eec99e7 elementor-section-boxed elementor-section-height-default elementor-section-height-default\" data-id=\"eec99e7\" data-element_type=\"section\" data-settings=\"{&quot;background_background&quot;:&quot;classic&quot;}\">\n\t\t\t\t\t\t<div class=\"elementor-container elementor-column-gap-default\">\n\t\t\t\t\t<div class=\"elementor-column elementor-col-100 elementor-top-column elementor-element elementor-element-5ad39d2\" data-id=\"5ad39d2\" data-element_type=\"column\">\n\t\t\t<div class=\"elementor-widget-wrap elementor-element-populated\">\n\t\t\t\t\t\t<section class=\"elementor-section elementor-inner-section elementor-element elementor-element-3b6aab1 elementor-section-boxed elementor-section-height-default elementor-section-height-default\" data-id=\"3b6aab1\" data-element_type=\"section\">\n\t\t\t\t\t\t<div class=\"elementor-container elementor-column-gap-default\">\n\t\t\t\t\t<div class=\"elementor-column elementor-col-33 elementor-inner-column elementor-element elementor-element-3f0006b\" data-id=\"3f0006b\" data-element_type=\"column\" data-settings=\"{&quot;background_background&quot;:&quot;classic&quot;}\">\n\t\t\t<div class=\"elementor-widget-wrap elementor-element-populated\">\n\t\t\t\t\t\t<div class=\"elementor-element elementor-element-ac91f06 elementor-widget elementor-widget-image\" data-id=\"ac91f06\" data-element_type=\"widget\" data-widget_type=\"image.default\">\n\t\t\t\t<div class=\"elementor-widget-container\">\n\t\t\t\t\t\t\t\t\t\t\t\t\t\t<a href=\"https:\/\/denisseag.com\/tienda\/linea-gourmet\/\">\n\t\t\t\t\t\t\t<img decoding=\"async\" width=\"800\" height=\"800\" src=\"https:\/\/denisseag.com\/tienda\/wp-content\/uploads\/2020\/03\/cheesecake-chocolate-cake-1024x1024.jpg\" class=\"attachment-large size-large wp-image-61\" alt=\"Cheesecake Chocolate Cake\" srcset=\"https:\/\/denisseag.com\/tienda\/wp-content\/uploads\/2020\/03\/cheesecake-chocolate-cake-1024x1024.jpg 1024w, https:\/\/denisseag.com\/tienda\/wp-content\/uploads\/2020\/03\/cheesecake-chocolate-cake-300x300.jpg 300w, https:\/\/denisseag.com\/tienda\/wp-content\/uploads\/2020\/03\/cheesecake-chocolate-cake-100x100.jpg 100w, https:\/\/denisseag.com\/tienda\/wp-content\/uploads\/2020\/03\/cheesecake-chocolate-cake-600x600.jpg 600w, https:\/\/denisseag.com\/tienda\/wp-content\/uploads\/2020\/03\/cheesecake-chocolate-cake-150x150.jpg 150w, https:\/\/denisseag.com\/tienda\/wp-content\/uploads\/2020\/03\/cheesecake-chocolate-cake-768x768.jpg 768w, https:\/\/denisseag.com\/tienda\/wp-content\/uploads\/2020\/03\/cheesecake-chocolate-cake.jpg 1080w\" sizes=\"(max-width: 800px) 100vw, 800px\" \/>\t\t\t\t\t\t\t\t<\/a>\n\t\t\t\t\t\t\t\t\t\t\t\t\t<\/div>\n\t\t\t\t<\/div>\n\t\t\t\t<div class=\"elementor-element elementor-element-8158da1 elementor-widget elementor-widget-heading\" data-id=\"8158da1\" data-element_type=\"widget\" data-widget_type=\"heading.default\">\n\t\t\t\t<div class=\"elementor-widget-container\">\n\t\t\t<h2 class=\"elementor-heading-title elementor-size-default\"><a href=\"https:\/\/denisseag.com\/tienda\/linea-gourmet\/\">L\u00ednea Gourmet<\/a><\/h2>\t\t<\/div>\n\t\t\t\t<\/div>\n\t\t\t\t<div class=\"elementor-element elementor-element-8887434 elementor-align-center elementor-widget elementor-widget-button\" data-id=\"8887434\" data-element_type=\"widget\" data-widget_type=\"button.default\">\n\t\t\t\t<div class=\"elementor-widget-container\">\n\t\t\t\t\t<div class=\"elementor-button-wrapper\">\n\t\t\t<a class=\"elementor-button elementor-button-link elementor-size-md\" href=\"https:\/\/denisseag.com\/tienda\/linea-gourmet\/\">\n\t\t\t\t\t\t<span class=\"elementor-button-content-wrapper\">\n\t\t\t\t\t\t\t\t\t<span class=\"elementor-button-text\">Ver colecci\u00f3n<\/span>\n\t\t\t\t\t<\/span>\n\t\t\t\t\t<\/a>\n\t\t<\/div>\n\t\t\t\t<\/div>\n\t\t\t\t<\/div>\n\t\t\t\t\t<\/div>\n\t\t<\/div>\n\t\t\t\t<div class=\"elementor-column elementor-col-33 elementor-inner-column elementor-element elementor-element-bdf4735\" data-id=\"bdf4735\" data-element_type=\"column\" data-settings=\"{&quot;background_background&quot;:&quot;classic&quot;}\">\n\t\t\t<div class=\"elementor-widget-wrap elementor-element-populated\">\n\t\t\t\t\t\t<div class=\"elementor-element elementor-element-47c1a87 elementor-widget elementor-widget-image\" data-id=\"47c1a87\" data-element_type=\"widget\" data-widget_type=\"image.default\">\n\t\t\t\t<div class=\"elementor-widget-container\">\n\t\t\t\t\t\t\t\t\t\t\t\t\t\t<a href=\"https:\/\/denisseag.com\/tienda\/rollos-gourmet\/\">\n\t\t\t\t\t\t\t<img decoding=\"async\" width=\"800\" height=\"800\" src=\"https:\/\/denisseag.com\/tienda\/wp-content\/uploads\/2020\/07\/rollo-gansito-01-1024x1024.jpg\" class=\"attachment-large size-large wp-image-514\" alt=\"Rollo de Gansito\" srcset=\"https:\/\/denisseag.com\/tienda\/wp-content\/uploads\/2020\/07\/rollo-gansito-01-1024x1024.jpg 1024w, https:\/\/denisseag.com\/tienda\/wp-content\/uploads\/2020\/07\/rollo-gansito-01-300x300.jpg 300w, https:\/\/denisseag.com\/tienda\/wp-content\/uploads\/2020\/07\/rollo-gansito-01-150x150.jpg 150w, https:\/\/denisseag.com\/tienda\/wp-content\/uploads\/2020\/07\/rollo-gansito-01-768x768.jpg 768w, https:\/\/denisseag.com\/tienda\/wp-content\/uploads\/2020\/07\/rollo-gansito-01-600x600.jpg 600w, https:\/\/denisseag.com\/tienda\/wp-content\/uploads\/2020\/07\/rollo-gansito-01-100x100.jpg 100w, https:\/\/denisseag.com\/tienda\/wp-content\/uploads\/2020\/07\/rollo-gansito-01.jpg 1080w\" sizes=\"(max-width: 800px) 100vw, 800px\" \/>\t\t\t\t\t\t\t\t<\/a>\n\t\t\t\t\t\t\t\t\t\t\t\t\t<\/div>\n\t\t\t\t<\/div>\n\t\t\t\t<div class=\"elementor-element elementor-element-cab900f elementor-widget elementor-widget-heading\" data-id=\"cab900f\" data-element_type=\"widget\" data-widget_type=\"heading.default\">\n\t\t\t\t<div class=\"elementor-widget-container\">\n\t\t\t<h2 class=\"elementor-heading-title elementor-size-default\"><a href=\"https:\/\/denisseag.com\/tienda\/rollos-gourmet\/\">Rollos Gourmet<\/a><\/h2>\t\t<\/div>\n\t\t\t\t<\/div>\n\t\t\t\t<div class=\"elementor-element elementor-element-ceebe88 elementor-align-center elementor-widget elementor-widget-button\" data-id=\"ceebe88\" data-element_type=\"widget\" data-widget_type=\"button.default\">\n\t\t\t\t<div class=\"elementor-widget-container\">\n\t\t\t\t\t<div class=\"elementor-button-wrapper\">\n\t\t\t<a class=\"elementor-button elementor-button-link elementor-size-md\" href=\"https:\/\/denisseag.com\/tienda\/rollos-gourmet\/\">\n\t\t\t\t\t\t<span class=\"elementor-button-content-wrapper\">\n\t\t\t\t\t\t\t\t\t<span class=\"elementor-button-text\">Ver colecci\u00f3n<\/span>\n\t\t\t\t\t<\/span>\n\t\t\t\t\t<\/a>\n\t\t<\/div>\n\t\t\t\t<\/div>\n\t\t\t\t<\/div>\n\t\t\t\t\t<\/div>\n\t\t<\/div>\n\t\t\t\t<div class=\"elementor-column elementor-col-33 elementor-inner-column elementor-element elementor-element-4991b1a elementor-hidden-desktop elementor-hidden-tablet elementor-hidden-mobile\" data-id=\"4991b1a\" data-element_type=\"column\" data-settings=\"{&quot;background_background&quot;:&quot;classic&quot;}\">\n\t\t\t<div class=\"elementor-widget-wrap elementor-element-populated\">\n\t\t\t\t\t\t<div class=\"elementor-element elementor-element-9c1c361 elementor-widget elementor-widget-image\" data-id=\"9c1c361\" data-element_type=\"widget\" data-widget_type=\"image.default\">\n\t\t\t\t<div class=\"elementor-widget-container\">\n\t\t\t\t\t\t\t\t\t\t\t\t\t\t<a href=\"https:\/\/denisseag.com\/tienda\/fathers-day-collection\/\">\n\t\t\t\t\t\t\t<img loading=\"lazy\" decoding=\"async\" width=\"800\" height=\"800\" src=\"https:\/\/denisseag.com\/tienda\/wp-content\/uploads\/2022\/06\/the-gray-cake-denisse-ag-1024x1024.jpg\" class=\"attachment-large size-large wp-image-918\" alt=\"Father&#039;s Day Collection - The Gray Cake\" srcset=\"https:\/\/denisseag.com\/tienda\/wp-content\/uploads\/2022\/06\/the-gray-cake-denisse-ag-1024x1024.jpg 1024w, https:\/\/denisseag.com\/tienda\/wp-content\/uploads\/2022\/06\/the-gray-cake-denisse-ag-300x300.jpg 300w, https:\/\/denisseag.com\/tienda\/wp-content\/uploads\/2022\/06\/the-gray-cake-denisse-ag-150x150.jpg 150w, https:\/\/denisseag.com\/tienda\/wp-content\/uploads\/2022\/06\/the-gray-cake-denisse-ag-768x768.jpg 768w, https:\/\/denisseag.com\/tienda\/wp-content\/uploads\/2022\/06\/the-gray-cake-denisse-ag-600x600.jpg 600w, https:\/\/denisseag.com\/tienda\/wp-content\/uploads\/2022\/06\/the-gray-cake-denisse-ag-100x100.jpg 100w, https:\/\/denisseag.com\/tienda\/wp-content\/uploads\/2022\/06\/the-gray-cake-denisse-ag.jpg 1080w\" sizes=\"(max-width: 800px) 100vw, 800px\" \/>\t\t\t\t\t\t\t\t<\/a>\n\t\t\t\t\t\t\t\t\t\t\t\t\t<\/div>\n\t\t\t\t<\/div>\n\t\t\t\t<div class=\"elementor-element elementor-element-65edd14 elementor-widget elementor-widget-heading\" data-id=\"65edd14\" data-element_type=\"widget\" data-widget_type=\"heading.default\">\n\t\t\t\t<div class=\"elementor-widget-container\">\n\t\t\t<h2 class=\"elementor-heading-title elementor-size-default\"><a href=\"https:\/\/denisseag.com\/tienda\/fathers-day-collection\/\">Father's Day Collection<\/a><\/h2>\t\t<\/div>\n\t\t\t\t<\/div>\n\t\t\t\t<div class=\"elementor-element elementor-element-87539cf elementor-align-center elementor-widget elementor-widget-button\" data-id=\"87539cf\" data-element_type=\"widget\" data-widget_type=\"button.default\">\n\t\t\t\t<div class=\"elementor-widget-container\">\n\t\t\t\t\t<div class=\"elementor-button-wrapper\">\n\t\t\t<a class=\"elementor-button elementor-button-link elementor-size-md\" href=\"https:\/\/denisseag.com\/tienda\/fathers-day-collection\/\">\n\t\t\t\t\t\t<span class=\"elementor-button-content-wrapper\">\n\t\t\t\t\t\t\t\t\t<span class=\"elementor-button-text\">Ver colecci\u00f3n<\/span>\n\t\t\t\t\t<\/span>\n\t\t\t\t\t<\/a>\n\t\t<\/div>\n\t\t\t\t<\/div>\n\t\t\t\t<\/div>\n\t\t\t\t\t<\/div>\n\t\t<\/div>\n\t\t\t\t\t<\/div>\n\t\t<\/section>\n\t\t\t\t<section class=\"elementor-section elementor-inner-section elementor-element elementor-element-be9ed95 elementor-hidden-desktop elementor-hidden-tablet elementor-hidden-phone elementor-section-boxed elementor-section-height-default elementor-section-height-default\" data-id=\"be9ed95\" data-element_type=\"section\">\n\t\t\t\t\t\t<div class=\"elementor-container elementor-column-gap-default\">\n\t\t\t\t\t<div class=\"elementor-column elementor-col-33 elementor-inner-column elementor-element elementor-element-202706d elementor-hidden-desktop elementor-hidden-tablet elementor-hidden-phone\" data-id=\"202706d\" data-element_type=\"column\" data-settings=\"{&quot;background_background&quot;:&quot;classic&quot;}\">\n\t\t\t<div class=\"elementor-widget-wrap elementor-element-populated\">\n\t\t\t\t\t\t<div class=\"elementor-element elementor-element-dc9a920 elementor-widget elementor-widget-image\" data-id=\"dc9a920\" data-element_type=\"widget\" data-widget_type=\"image.default\">\n\t\t\t\t<div class=\"elementor-widget-container\">\n\t\t\t\t\t\t\t\t\t\t\t\t\t\t<a href=\"https:\/\/denisseag.com\/tienda\/happy-box-cake\/\">\n\t\t\t\t\t\t\t<img loading=\"lazy\" decoding=\"async\" width=\"800\" height=\"800\" src=\"https:\/\/denisseag.com\/tienda\/wp-content\/uploads\/2021\/04\/happy-box-cake-1024x1024.jpeg\" class=\"attachment-large size-large wp-image-777\" alt=\"Happy Box Cake\" srcset=\"https:\/\/denisseag.com\/tienda\/wp-content\/uploads\/2021\/04\/happy-box-cake-1024x1024.jpeg 1024w, https:\/\/denisseag.com\/tienda\/wp-content\/uploads\/2021\/04\/happy-box-cake-300x300.jpeg 300w, https:\/\/denisseag.com\/tienda\/wp-content\/uploads\/2021\/04\/happy-box-cake-150x150.jpeg 150w, https:\/\/denisseag.com\/tienda\/wp-content\/uploads\/2021\/04\/happy-box-cake-768x768.jpeg 768w, https:\/\/denisseag.com\/tienda\/wp-content\/uploads\/2021\/04\/happy-box-cake-600x600.jpeg 600w, https:\/\/denisseag.com\/tienda\/wp-content\/uploads\/2021\/04\/happy-box-cake-100x100.jpeg 100w, https:\/\/denisseag.com\/tienda\/wp-content\/uploads\/2021\/04\/happy-box-cake.jpeg 1080w\" sizes=\"(max-width: 800px) 100vw, 800px\" \/>\t\t\t\t\t\t\t\t<\/a>\n\t\t\t\t\t\t\t\t\t\t\t\t\t<\/div>\n\t\t\t\t<\/div>\n\t\t\t\t<div class=\"elementor-element elementor-element-6e3432c elementor-widget elementor-widget-heading\" data-id=\"6e3432c\" data-element_type=\"widget\" data-widget_type=\"heading.default\">\n\t\t\t\t<div class=\"elementor-widget-container\">\n\t\t\t<h2 class=\"elementor-heading-title elementor-size-default\"><a href=\"https:\/\/denisseag.com\/tienda\/happy-box-cake\/\">Happy Box Cake<br><span style=\"font-weight: normal; font-size: 0.9rem;\">(Colecci\u00f3n D\u00eda Del Ni\u00f1o)<\/span><\/a><\/h2>\t\t<\/div>\n\t\t\t\t<\/div>\n\t\t\t\t<div class=\"elementor-element elementor-element-669f5ce elementor-align-center elementor-widget elementor-widget-button\" data-id=\"669f5ce\" data-element_type=\"widget\" data-widget_type=\"button.default\">\n\t\t\t\t<div class=\"elementor-widget-container\">\n\t\t\t\t\t<div class=\"elementor-button-wrapper\">\n\t\t\t<a class=\"elementor-button elementor-button-link elementor-size-md\" href=\"https:\/\/denisseag.com\/tienda\/happy-box-cake\/\">\n\t\t\t\t\t\t<span class=\"elementor-button-content-wrapper\">\n\t\t\t\t\t\t\t\t\t<span class=\"elementor-button-text\">Ver colecci\u00f3n<\/span>\n\t\t\t\t\t<\/span>\n\t\t\t\t\t<\/a>\n\t\t<\/div>\n\t\t\t\t<\/div>\n\t\t\t\t<\/div>\n\t\t\t\t\t<\/div>\n\t\t<\/div>\n\t\t\t\t<div class=\"elementor-column elementor-col-33 elementor-inner-column elementor-element elementor-element-f2a287f elementor-hidden-desktop elementor-hidden-tablet elementor-hidden-phone\" data-id=\"f2a287f\" data-element_type=\"column\" data-settings=\"{&quot;background_background&quot;:&quot;classic&quot;}\">\n\t\t\t<div class=\"elementor-widget-wrap\">\n\t\t\t\t\t\t\t<\/div>\n\t\t<\/div>\n\t\t\t\t<div class=\"elementor-column elementor-col-33 elementor-inner-column elementor-element elementor-element-590c7cb elementor-hidden-desktop elementor-hidden-tablet elementor-hidden-phone\" data-id=\"590c7cb\" data-element_type=\"column\" data-settings=\"{&quot;background_background&quot;:&quot;classic&quot;}\">\n\t\t\t<div class=\"elementor-widget-wrap\">\n\t\t\t\t\t\t\t<\/div>\n\t\t<\/div>\n\t\t\t\t\t<\/div>\n\t\t<\/section>\n\t\t\t\t\t<\/div>\n\t\t<\/div>\n\t\t\t\t\t<\/div>\n\t\t<\/section>\n\t\t\t\t<\/div>\n\t\t","protected":false},"excerpt":{"rendered":"<p>Conoce nuestras colecciones de pasteles. L\u00ednea Gourmet Ver colecci\u00f3n Rollos Gourmet Ver colecci\u00f3n Father&#8217;s Day Collection Ver colecci\u00f3n Happy Box Cake(Colecci\u00f3n D\u00eda Del Ni\u00f1o) Ver colecci\u00f3n<\/p>\n","protected":false},"author":1,"featured_media":0,"parent":0,"menu_order":0,"comment_status":"closed","ping_status":"closed","template":"elementor_header_footer","meta":{"inline_featured_image":false,"footnotes":""},"class_list":["post-424","page","type-page","status-publish","hentry"],"yoast_head":"<!-- This site is optimized with the Yoast SEO plugin v23.2 - https:\/\/yoast.com\/wordpress\/plugins\/seo\/ -->\n<title>Colecciones - Denisse AG - Pastry Chef<\/title>\n<meta name=\"robots\" content=\"index, follow, max-snippet:-1, max-image-preview:large, max-video-preview:-1\" \/>\n<link rel=\"canonical\" href=\"https:\/\/denisseag.com\/tienda\/colecciones\/\" \/>\n<meta property=\"og:locale\" content=\"es_MX\" \/>\n<meta property=\"og:type\" content=\"article\" \/>\n<meta property=\"og:title\" content=\"Colecciones - Denisse AG - Pastry Chef\" \/>\n<meta property=\"og:description\" content=\"Conoce nuestras colecciones de pasteles. L\u00ednea Gourmet Ver colecci\u00f3n Rollos Gourmet Ver colecci\u00f3n Father&#8217;s Day Collection Ver colecci\u00f3n Happy Box Cake(Colecci\u00f3n D\u00eda Del Ni\u00f1o) Ver colecci\u00f3n\" \/>\n<meta property=\"og:url\" content=\"https:\/\/denisseag.com\/tienda\/colecciones\/\" \/>\n<meta property=\"og:site_name\" content=\"Denisse AG - Pastry Chef\" \/>\n<meta property=\"article:modified_time\" content=\"2023-09-07T18:58:31+00:00\" \/>\n<meta property=\"og:image\" content=\"https:\/\/denisseag.com\/tienda\/wp-content\/uploads\/2020\/04\/logo-denisse-ag-checkout.png\" \/>\n<meta name=\"twitter:card\" content=\"summary_large_image\" \/>\n<meta name=\"twitter:label1\" content=\"Tiempo de lectura\" \/>\n\t<meta name=\"twitter:data1\" content=\"2 minutos\" \/>\n<script type=\"application\/ld+json\" class=\"yoast-schema-graph\">{\"@context\":\"https:\/\/schema.org\",\"@graph\":[{\"@type\":\"WebPage\",\"@id\":\"https:\/\/denisseag.com\/tienda\/colecciones\/\",\"url\":\"https:\/\/denisseag.com\/tienda\/colecciones\/\",\"name\":\"Colecciones - Denisse AG - Pastry Chef\",\"isPartOf\":{\"@id\":\"https:\/\/denisseag.com\/tienda\/#website\"},\"primaryImageOfPage\":{\"@id\":\"https:\/\/denisseag.com\/tienda\/colecciones\/#primaryimage\"},\"image\":{\"@id\":\"https:\/\/denisseag.com\/tienda\/colecciones\/#primaryimage\"},\"thumbnailUrl\":\"https:\/\/denisseag.com\/tienda\/wp-content\/uploads\/2020\/04\/logo-denisse-ag-checkout.png\",\"datePublished\":\"2020-04-22T12:22:36+00:00\",\"dateModified\":\"2023-09-07T18:58:31+00:00\",\"breadcrumb\":{\"@id\":\"https:\/\/denisseag.com\/tienda\/colecciones\/#breadcrumb\"},\"inLanguage\":\"es\",\"potentialAction\":[{\"@type\":\"ReadAction\",\"target\":[\"https:\/\/denisseag.com\/tienda\/colecciones\/\"]}]},{\"@type\":\"ImageObject\",\"inLanguage\":\"es\",\"@id\":\"https:\/\/denisseag.com\/tienda\/colecciones\/#primaryimage\",\"url\":\"https:\/\/denisseag.com\/tienda\/wp-content\/uploads\/2020\/04\/logo-denisse-ag-checkout.png\",\"contentUrl\":\"https:\/\/denisseag.com\/tienda\/wp-content\/uploads\/2020\/04\/logo-denisse-ag-checkout.png\",\"width\":722,\"height\":400},{\"@type\":\"BreadcrumbList\",\"@id\":\"https:\/\/denisseag.com\/tienda\/colecciones\/#breadcrumb\",\"itemListElement\":[{\"@type\":\"ListItem\",\"position\":1,\"name\":\"Inicio\",\"item\":\"https:\/\/denisseag.com\/tienda\/\"},{\"@type\":\"ListItem\",\"position\":2,\"name\":\"Colecciones\"}]},{\"@type\":\"WebSite\",\"@id\":\"https:\/\/denisseag.com\/tienda\/#website\",\"url\":\"https:\/\/denisseag.com\/tienda\/\",\"name\":\"Denisse AG - Pastry Chef\",\"description\":\"Otro sitio realizado con WordPress\",\"potentialAction\":[{\"@type\":\"SearchAction\",\"target\":{\"@type\":\"EntryPoint\",\"urlTemplate\":\"https:\/\/denisseag.com\/tienda\/?s={search_term_string}\"},\"query-input\":\"required name=search_term_string\"}],\"inLanguage\":\"es\"}]}<\/script>\n<!-- \/ Yoast SEO plugin. -->","yoast_head_json":{"title":"Colecciones - Denisse AG - Pastry Chef","robots":{"index":"index","follow":"follow","max-snippet":"max-snippet:-1","max-image-preview":"max-image-preview:large","max-video-preview":"max-video-preview:-1"},"canonical":"https:\/\/denisseag.com\/tienda\/colecciones\/","og_locale":"es_MX","og_type":"article","og_title":"Colecciones - Denisse AG - Pastry Chef","og_description":"Conoce nuestras colecciones de pasteles. L\u00ednea Gourmet Ver colecci\u00f3n Rollos Gourmet Ver colecci\u00f3n Father&#8217;s Day Collection Ver colecci\u00f3n Happy Box Cake(Colecci\u00f3n D\u00eda Del Ni\u00f1o) Ver colecci\u00f3n","og_url":"https:\/\/denisseag.com\/tienda\/colecciones\/","og_site_name":"Denisse AG - Pastry Chef","article_modified_time":"2023-09-07T18:58:31+00:00","og_image":[{"url":"https:\/\/denisseag.com\/tienda\/wp-content\/uploads\/2020\/04\/logo-denisse-ag-checkout.png"}],"twitter_card":"summary_large_image","twitter_misc":{"Tiempo de lectura":"2 minutos"},"schema":{"@context":"https:\/\/schema.org","@graph":[{"@type":"WebPage","@id":"https:\/\/denisseag.com\/tienda\/colecciones\/","url":"https:\/\/denisseag.com\/tienda\/colecciones\/","name":"Colecciones - Denisse AG - Pastry Chef","isPartOf":{"@id":"https:\/\/denisseag.com\/tienda\/#website"},"primaryImageOfPage":{"@id":"https:\/\/denisseag.com\/tienda\/colecciones\/#primaryimage"},"image":{"@id":"https:\/\/denisseag.com\/tienda\/colecciones\/#primaryimage"},"thumbnailUrl":"https:\/\/denisseag.com\/tienda\/wp-content\/uploads\/2020\/04\/logo-denisse-ag-checkout.png","datePublished":"2020-04-22T12:22:36+00:00","dateModified":"2023-09-07T18:58:31+00:00","breadcrumb":{"@id":"https:\/\/denisseag.com\/tienda\/colecciones\/#breadcrumb"},"inLanguage":"es","potentialAction":[{"@type":"ReadAction","target":["https:\/\/denisseag.com\/tienda\/colecciones\/"]}]},{"@type":"ImageObject","inLanguage":"es","@id":"https:\/\/denisseag.com\/tienda\/colecciones\/#primaryimage","url":"https:\/\/denisseag.com\/tienda\/wp-content\/uploads\/2020\/04\/logo-denisse-ag-checkout.png","contentUrl":"https:\/\/denisseag.com\/tienda\/wp-content\/uploads\/2020\/04\/logo-denisse-ag-checkout.png","width":722,"height":400},{"@type":"BreadcrumbList","@id":"https:\/\/denisseag.com\/tienda\/colecciones\/#breadcrumb","itemListElement":[{"@type":"ListItem","position":1,"name":"Inicio","item":"https:\/\/denisseag.com\/tienda\/"},{"@type":"ListItem","position":2,"name":"Colecciones"}]},{"@type":"WebSite","@id":"https:\/\/denisseag.com\/tienda\/#website","url":"https:\/\/denisseag.com\/tienda\/","name":"Denisse AG - Pastry Chef","description":"Otro sitio realizado con WordPress","potentialAction":[{"@type":"SearchAction","target":{"@type":"EntryPoint","urlTemplate":"https:\/\/denisseag.com\/tienda\/?s={search_term_string}"},"query-input":"required name=search_term_string"}],"inLanguage":"es"}]}},"_links":{"self":[{"href":"https:\/\/denisseag.com\/tienda\/wp-json\/wp\/v2\/pages\/424"}],"collection":[{"href":"https:\/\/denisseag.com\/tienda\/wp-json\/wp\/v2\/pages"}],"about":[{"href":"https:\/\/denisseag.com\/tienda\/wp-json\/wp\/v2\/types\/page"}],"author":[{"embeddable":true,"href":"https:\/\/denisseag.com\/tienda\/wp-json\/wp\/v2\/users\/1"}],"replies":[{"embeddable":true,"href":"https:\/\/denisseag.com\/tienda\/wp-json\/wp\/v2\/comments?post=424"}],"version-history":[{"count":63,"href":"https:\/\/denisseag.com\/tienda\/wp-json\/wp\/v2\/pages\/424\/revisions"}],"predecessor-version":[{"id":966,"href":"https:\/\/denisseag.com\/tienda\/wp-json\/wp\/v2\/pages\/424\/revisions\/966"}],"wp:attachment":[{"href":"https:\/\/denisseag.com\/tienda\/wp-json\/wp\/v2\/media?parent=424"}],"curies":[{"name":"wp","href":"https:\/\/api.w.org\/{rel}","templated":true}]}}