{"id":1003,"date":"2024-08-16T23:49:59","date_gmt":"2024-08-16T23:49:59","guid":{"rendered":"https:\/\/denisseag.com\/tienda\/?post_type=product&#038;p=1003"},"modified":"2024-08-19T10:45:16","modified_gmt":"2024-08-19T10:45:16","slug":"cheesecake-de-platano","status":"publish","type":"product","link":"https:\/\/denisseag.com\/tienda\/producto\/cheesecake-de-platano\/","title":{"rendered":"Cheesecake de Pl\u00e1tano"},"content":{"rendered":"","protected":false},"excerpt":{"rendered":"<p>Tartaleta de mantequilla con cheesecake cremoso de pl\u00e1tano y decorado con ganache de chocolate, dulce de leche, pl\u00e1tano caramelizado y chocolatitos.<\/p>\n<div style=\"display: block; margin-top: 1rem;\">Rinde para <span style=\"font-weight: bold;\">12-15 personas<\/span>.<\/div>\n<div style=\"display: block; margin-top: 1rem;\">P\u00eddelo con <span style=\"font-weight: bold;\">1-2 d\u00edas de anticipaci\u00f3n<\/span>, sujeto a disponibilidad de la agenda.<\/div>\n","protected":false},"featured_media":1005,"template":"","meta":{"inline_featured_image":false},"product_cat":[20],"product_tag":[],"class_list":{"0":"post-1003","1":"product","2":"type-product","3":"status-publish","4":"has-post-thumbnail","6":"product_cat-linea-gourmet","8":"first","9":"instock","10":"shipping-taxable","11":"purchasable","12":"product-type-simple"},"yoast_head":"<!-- This site is optimized with the Yoast SEO plugin v23.2 - https:\/\/yoast.com\/wordpress\/plugins\/seo\/ -->\n<title>Cheesecake de Pl\u00e1tano - Denisse AG - Pastry Chef<\/title>\n<meta name=\"robots\" content=\"index, follow, max-snippet:-1, max-image-preview:large, max-video-preview:-1\" \/>\n<link rel=\"canonical\" href=\"https:\/\/denisseag.com\/tienda\/producto\/cheesecake-de-platano\/\" \/>\n<meta property=\"og:locale\" content=\"es_MX\" \/>\n<meta property=\"og:type\" content=\"article\" \/>\n<meta property=\"og:title\" content=\"Cheesecake de Pl\u00e1tano - Denisse AG - Pastry Chef\" \/>\n<meta property=\"og:description\" content=\"Tartaleta de mantequilla con cheesecake cremoso de pl\u00e1tano y decorado con ganache de chocolate, dulce de leche, pl\u00e1tano caramelizado y chocolatitos. Rinde para 12-15 personas. P\u00eddelo con 1-2 d\u00edas de anticipaci\u00f3n, sujeto a disponibilidad de la agenda.\" \/>\n<meta property=\"og:url\" content=\"https:\/\/denisseag.com\/tienda\/producto\/cheesecake-de-platano\/\" \/>\n<meta property=\"og:site_name\" content=\"Denisse AG - Pastry Chef\" \/>\n<meta property=\"article:modified_time\" content=\"2024-08-19T10:45:16+00:00\" \/>\n<meta property=\"og:image\" content=\"https:\/\/denisseag.com\/tienda\/wp-content\/uploads\/2024\/08\/pay-de-platano-denisse-ag.jpg\" \/>\n\t<meta property=\"og:image:width\" content=\"1080\" \/>\n\t<meta property=\"og:image:height\" content=\"1080\" \/>\n\t<meta property=\"og:image:type\" content=\"image\/jpeg\" \/>\n<meta name=\"twitter:card\" content=\"summary_large_image\" \/>\n<meta name=\"twitter:label1\" content=\"Tiempo de lectura\" \/>\n\t<meta name=\"twitter:data1\" content=\"1 minuto\" \/>\n<script type=\"application\/ld+json\" class=\"yoast-schema-graph\">{\"@context\":\"https:\/\/schema.org\",\"@graph\":[{\"@type\":\"WebPage\",\"@id\":\"https:\/\/denisseag.com\/tienda\/producto\/cheesecake-de-platano\/\",\"url\":\"https:\/\/denisseag.com\/tienda\/producto\/cheesecake-de-platano\/\",\"name\":\"Cheesecake de Pl\u00e1tano - Denisse AG - Pastry Chef\",\"isPartOf\":{\"@id\":\"https:\/\/denisseag.com\/tienda\/#website\"},\"primaryImageOfPage\":{\"@id\":\"https:\/\/denisseag.com\/tienda\/producto\/cheesecake-de-platano\/#primaryimage\"},\"image\":{\"@id\":\"https:\/\/denisseag.com\/tienda\/producto\/cheesecake-de-platano\/#primaryimage\"},\"thumbnailUrl\":\"https:\/\/denisseag.com\/tienda\/wp-content\/uploads\/2024\/08\/pay-de-platano-denisse-ag.jpg\",\"datePublished\":\"2024-08-16T23:49:59+00:00\",\"dateModified\":\"2024-08-19T10:45:16+00:00\",\"breadcrumb\":{\"@id\":\"https:\/\/denisseag.com\/tienda\/producto\/cheesecake-de-platano\/#breadcrumb\"},\"inLanguage\":\"es\",\"potentialAction\":[{\"@type\":\"ReadAction\",\"target\":[\"https:\/\/denisseag.com\/tienda\/producto\/cheesecake-de-platano\/\"]}]},{\"@type\":\"ImageObject\",\"inLanguage\":\"es\",\"@id\":\"https:\/\/denisseag.com\/tienda\/producto\/cheesecake-de-platano\/#primaryimage\",\"url\":\"https:\/\/denisseag.com\/tienda\/wp-content\/uploads\/2024\/08\/pay-de-platano-denisse-ag.jpg\",\"contentUrl\":\"https:\/\/denisseag.com\/tienda\/wp-content\/uploads\/2024\/08\/pay-de-platano-denisse-ag.jpg\",\"width\":1080,\"height\":1080},{\"@type\":\"BreadcrumbList\",\"@id\":\"https:\/\/denisseag.com\/tienda\/producto\/cheesecake-de-platano\/#breadcrumb\",\"itemListElement\":[{\"@type\":\"ListItem\",\"position\":1,\"name\":\"Inicio\",\"item\":\"https:\/\/denisseag.com\/tienda\/\"},{\"@type\":\"ListItem\",\"position\":2,\"name\":\"Portada tienda\",\"item\":\"https:\/\/denisseag.com\/tienda\/\"},{\"@type\":\"ListItem\",\"position\":3,\"name\":\"Cheesecake de Pl\u00e1tano\"}]},{\"@type\":\"WebSite\",\"@id\":\"https:\/\/denisseag.com\/tienda\/#website\",\"url\":\"https:\/\/denisseag.com\/tienda\/\",\"name\":\"Denisse AG - Pastry Chef\",\"description\":\"Otro sitio realizado con WordPress\",\"potentialAction\":[{\"@type\":\"SearchAction\",\"target\":{\"@type\":\"EntryPoint\",\"urlTemplate\":\"https:\/\/denisseag.com\/tienda\/?s={search_term_string}\"},\"query-input\":\"required name=search_term_string\"}],\"inLanguage\":\"es\"}]}<\/script>\n<!-- \/ Yoast SEO plugin. -->","yoast_head_json":{"title":"Cheesecake de Pl\u00e1tano - Denisse AG - Pastry Chef","robots":{"index":"index","follow":"follow","max-snippet":"max-snippet:-1","max-image-preview":"max-image-preview:large","max-video-preview":"max-video-preview:-1"},"canonical":"https:\/\/denisseag.com\/tienda\/producto\/cheesecake-de-platano\/","og_locale":"es_MX","og_type":"article","og_title":"Cheesecake de Pl\u00e1tano - Denisse AG - Pastry Chef","og_description":"Tartaleta de mantequilla con cheesecake cremoso de pl\u00e1tano y decorado con ganache de chocolate, dulce de leche, pl\u00e1tano caramelizado y chocolatitos. Rinde para 12-15 personas. P\u00eddelo con 1-2 d\u00edas de anticipaci\u00f3n, sujeto a disponibilidad de la agenda.","og_url":"https:\/\/denisseag.com\/tienda\/producto\/cheesecake-de-platano\/","og_site_name":"Denisse AG - Pastry Chef","article_modified_time":"2024-08-19T10:45:16+00:00","og_image":[{"width":1080,"height":1080,"url":"https:\/\/denisseag.com\/tienda\/wp-content\/uploads\/2024\/08\/pay-de-platano-denisse-ag.jpg","type":"image\/jpeg"}],"twitter_card":"summary_large_image","twitter_misc":{"Tiempo de lectura":"1 minuto"},"schema":{"@context":"https:\/\/schema.org","@graph":[{"@type":"WebPage","@id":"https:\/\/denisseag.com\/tienda\/producto\/cheesecake-de-platano\/","url":"https:\/\/denisseag.com\/tienda\/producto\/cheesecake-de-platano\/","name":"Cheesecake de Pl\u00e1tano - Denisse AG - Pastry Chef","isPartOf":{"@id":"https:\/\/denisseag.com\/tienda\/#website"},"primaryImageOfPage":{"@id":"https:\/\/denisseag.com\/tienda\/producto\/cheesecake-de-platano\/#primaryimage"},"image":{"@id":"https:\/\/denisseag.com\/tienda\/producto\/cheesecake-de-platano\/#primaryimage"},"thumbnailUrl":"https:\/\/denisseag.com\/tienda\/wp-content\/uploads\/2024\/08\/pay-de-platano-denisse-ag.jpg","datePublished":"2024-08-16T23:49:59+00:00","dateModified":"2024-08-19T10:45:16+00:00","breadcrumb":{"@id":"https:\/\/denisseag.com\/tienda\/producto\/cheesecake-de-platano\/#breadcrumb"},"inLanguage":"es","potentialAction":[{"@type":"ReadAction","target":["https:\/\/denisseag.com\/tienda\/producto\/cheesecake-de-platano\/"]}]},{"@type":"ImageObject","inLanguage":"es","@id":"https:\/\/denisseag.com\/tienda\/producto\/cheesecake-de-platano\/#primaryimage","url":"https:\/\/denisseag.com\/tienda\/wp-content\/uploads\/2024\/08\/pay-de-platano-denisse-ag.jpg","contentUrl":"https:\/\/denisseag.com\/tienda\/wp-content\/uploads\/2024\/08\/pay-de-platano-denisse-ag.jpg","width":1080,"height":1080},{"@type":"BreadcrumbList","@id":"https:\/\/denisseag.com\/tienda\/producto\/cheesecake-de-platano\/#breadcrumb","itemListElement":[{"@type":"ListItem","position":1,"name":"Inicio","item":"https:\/\/denisseag.com\/tienda\/"},{"@type":"ListItem","position":2,"name":"Portada tienda","item":"https:\/\/denisseag.com\/tienda\/"},{"@type":"ListItem","position":3,"name":"Cheesecake de Pl\u00e1tano"}]},{"@type":"WebSite","@id":"https:\/\/denisseag.com\/tienda\/#website","url":"https:\/\/denisseag.com\/tienda\/","name":"Denisse AG - Pastry Chef","description":"Otro sitio realizado con WordPress","potentialAction":[{"@type":"SearchAction","target":{"@type":"EntryPoint","urlTemplate":"https:\/\/denisseag.com\/tienda\/?s={search_term_string}"},"query-input":"required name=search_term_string"}],"inLanguage":"es"}]}},"_links":{"self":[{"href":"https:\/\/denisseag.com\/tienda\/wp-json\/wp\/v2\/product\/1003"}],"collection":[{"href":"https:\/\/denisseag.com\/tienda\/wp-json\/wp\/v2\/product"}],"about":[{"href":"https:\/\/denisseag.com\/tienda\/wp-json\/wp\/v2\/types\/product"}],"wp:featuredmedia":[{"embeddable":true,"href":"https:\/\/denisseag.com\/tienda\/wp-json\/wp\/v2\/media\/1005"}],"wp:attachment":[{"href":"https:\/\/denisseag.com\/tienda\/wp-json\/wp\/v2\/media?parent=1003"}],"wp:term":[{"taxonomy":"product_cat","embeddable":true,"href":"https:\/\/denisseag.com\/tienda\/wp-json\/wp\/v2\/product_cat?post=1003"},{"taxonomy":"product_tag","embeddable":true,"href":"https:\/\/denisseag.com\/tienda\/wp-json\/wp\/v2\/product_tag?post=1003"}],"curies":[{"name":"wp","href":"https:\/\/api.w.org\/{rel}","templated":true}]}}